{"id":5,"date":"2021-05-13T12:43:02","date_gmt":"2021-05-13T15:43:02","guid":{"rendered":"https:\/\/onetimetv.xyz\/index.php\/empowerwp-pro\/"},"modified":"2024-11-17T15:47:55","modified_gmt":"2024-11-17T18:47:55","slug":"empowerwp-pro","status":"publish","type":"page","link":"https:\/\/onetimetv.xyz\/","title":{"rendered":"Front Page"},"content":{"rendered":"<div  id=\"revenda\" data-label=\"Revenda\" data-id=\"overlappable-7-mc\" data-export-id=\"overlappable-7-mc\" data-category=\"overlappable\" class=\"overlappable-7-mc content-section content-section-spacing\" data-overlap=\"true\"><div  class=\"gridContainer\"> <div  data-type=\"row\" class=\"row shadow\"><div  class=\"col-xs-12 col-sm-6 col-md-3 col-padding-small col-padding-small-xs bg-color-white\"> <div  class=\"text-center\"><div  class=\"col-xs-12 col-sm-fit space-bottom-small-xs\"> <i  class=\"fa icon fa-money large color-black\"><\/i><\/div> <div  data-type=\"column\" class=\"col-xs-12 col-sm\"><h4  class=\"\">PAINEL GR\u00c1TIS<\/h4> <p  class=\"\">Painel n\u00e3o tem custo. Pague apenas pelos creditos. Op\u00e7\u00e3o de painel hibrido a partir de 5 cr\u00e9ditos<\/p><\/div> <\/div><\/div> <div  class=\"col-xs-12 col-sm-6 col-md-3 col-padding-small col-padding-small-xs bg-color-white\"><div  class=\"text-center\"> <div  class=\"col-xs-12 col-sm-fit space-bottom-small-xs\"><i  class=\"fa icon fa-television large color-black\"><\/i><\/div> <div  data-type=\"column\" class=\"col-xs-12 col-sm\"><h4  class=\"\">CONTE\u00daDO COMPLETO<\/h4> <p  class=\"\">De 34 at\u00e9 90 mil conte\u00fados<\/p><\/div> <\/div><\/div> <div  class=\"col-xs-12 col-sm-6 col-md-3 col-padding-small col-padding-small-xs bg-color-white\"><div  class=\"text-center\"> <div  class=\"col-xs-12 col-sm-fit space-bottom-small-xs\"><i  class=\"fa icon fa-support large color-black\"><\/i><\/div> <div  data-type=\"column\" class=\"col-xs-12 col-sm\"><h4  class=\"\">EQUIPE DE SUPORTE<\/h4> <p  class=\"\">Equipe de suporte dedicada para manuten\u00e7\u00f5es e solicita\u00e7\u00e3o de conte\u00fados<\/p><\/div> <\/div><\/div> <div  class=\"col-xs-12 col-sm-6 col-md-3 col-padding-small col-padding-small-xs bg-color-white\"><div  class=\"text-center\"> <div  class=\"col-xs-12 col-sm-fit space-bottom-small-xs\"><i  class=\"fa icon fa-cloud-upload large color-black\"><\/i><\/div> <div  data-type=\"column\" class=\"col-xs-12 col-sm\"><h4  class=\"\">CDN<\/h4> <p  class=\"\">Tecnologia de ponta que reduz at\u00e9 90% dos casos de travamento<\/p><\/div> <\/div><\/div> <div  class=\"col-xs-12 col-sm-6 col-md-3 col-padding-small col-padding-small-xs bg-color-white\"> <div  class=\"text-center\"><div  class=\"col-xs-12 col-sm-fit space-bottom-small-xs\"> <i  class=\"fa icon fa-android large color-black\"><\/i><\/div> <div  data-type=\"column\" class=\"col-xs-12 col-sm\"><h4  class=\"\">SISTEMA P2P<\/h4> <p  class=\"\">Tecnologia que roda a partir de 2mb de internet<\/p><\/div> <\/div><\/div><div  class=\"col-xs-12 col-sm-6 col-md-3 col-padding-small col-padding-small-xs bg-color-white\"> <div  class=\"text-center\"><div  class=\"col-xs-12 col-sm-fit space-bottom-small-xs\"> <i  class=\"fa icon fa-arrow-up large color-black\"><\/i><\/div> <div  data-type=\"column\" class=\"col-xs-12 col-sm\"><h4  class=\"\">PAINEL MASTER<\/h4> <p  class=\"\"><span  style=\"font-size: 14.4px;\">Coloque pessoas para vender para voc\u00ea e aumente seus ganhos exponencialmente e tudo sob o seu controle<\/span><\/p><\/div> <\/div><\/div><div  class=\"col-xs-12 col-sm-6 col-md-3 col-padding-small col-padding-small-xs bg-color-white\"> <div  class=\"text-center\"><div  class=\"col-xs-12 col-sm-fit space-bottom-small-xs\"> <i  class=\"fa icon fa-folder-o large color-black\"><\/i><\/div> <div  data-type=\"column\" class=\"col-xs-12 col-sm\"><h4  class=\"\">ADI\u00c7\u00c3O DE CONTE\u00daDOS<\/h4> <p  class=\"\">Uma equipe dedicada para adicionar conte\u00fados e solicita\u00e7\u00f5es dos revendedores<\/p><\/div> <\/div><\/div><div  class=\"col-xs-12 col-sm-6 col-md-3 col-padding-small col-padding-small-xs bg-color-white\"> <div  class=\"text-center\"><div  class=\"col-xs-12 col-sm-fit space-bottom-small-xs\"> <i  class=\"fa icon fa-folder-open-o large color-black\"><\/i><\/div> <div  data-type=\"column\" class=\"col-xs-12 col-sm\"><h4  class=\"\">ATUALIZA\u00c7\u00d5ES CONSTANTES<\/h4> <p  class=\"\">Atualiza\u00e7\u00f5es de conte\u00fado semanal e prioridade para subir lan\u00e7amentos.<\/p><\/div> <\/div><\/div><\/div><\/div> <\/div><div  id=\"contato\" data-label=\"Contato\" data-id=\"contact-1\" data-export-id=\"contact-1\" data-category=\"contact\" class=\"contact-1 content-section content-section-spacing white-text\" data-parallax-depth=\"20\"><div  class=\"gridContainer\"> <div  class=\"row text-center\"><div  class=\"section-title-col\" data-type=\"column\"> <h2  class=\"\">Deixe seu contato<\/h2> <p  class=\"lead\">Deixe sua mensagem e nossa equipe retornar\u00e1 o mais breve possivel<\/p><\/div> <\/div> <div  class=\"row text-center\"> <div  class=\"col-xs-12 col-sm-8 col-sm-offset-2 contact-form-wrapper inline-info\"> <div  class=\"card large-padding\"> <div  class=\"\" data-content-shortcode=\"mesmerize_contact_form shortcode=&quot;wpforms id=&amp;amp;quot;19&amp;amp;quot;&quot;\" data-editable=\"true\"><div class=\"wpforms-container wpforms-container-full\" id=\"wpforms-19\"><form id=\"wpforms-form-19\" class=\"wpforms-validate wpforms-form\" data-formid=\"19\" method=\"post\" enctype=\"multipart\/form-data\" action=\"\/index.php\/wp-json\/wp\/v2\/pages\/5\" data-token=\"b98c1537100fba7c30f661252e422ed7\" data-token-time=\"1776134682\"><noscript class=\"wpforms-error-noscript\">Ative o JavaScript no seu navegador para preencher este formul\u00e1rio.<\/noscript><div class=\"wpforms-field-container\"><div id=\"wpforms-19-field_1-container\" class=\"wpforms-field wpforms-field-name\" data-field-id=\"1\"><label class=\"wpforms-field-label\">Nome <span class=\"wpforms-required-label\">*<\/span><\/label><div class=\"wpforms-field-row wpforms-field-medium\"><div class=\"wpforms-field-row-block wpforms-first wpforms-one-half\"><input type=\"text\" id=\"wpforms-19-field_1\" class=\"wpforms-field-name-first wpforms-field-required\" name=\"wpforms[fields][1][first]\" required><label for=\"wpforms-19-field_1\" class=\"wpforms-field-sublabel after\">Nome<\/label><\/div><div class=\"wpforms-field-row-block wpforms-one-half\"><input type=\"text\" id=\"wpforms-19-field_1-last\" class=\"wpforms-field-name-last wpforms-field-required\" name=\"wpforms[fields][1][last]\" required><label for=\"wpforms-19-field_1-last\" class=\"wpforms-field-sublabel after\">Sobrenome<\/label><\/div><\/div><\/div><div id=\"wpforms-19-field_2-container\" class=\"wpforms-field wpforms-field-email\" data-field-id=\"2\"><label class=\"wpforms-field-label\" for=\"wpforms-19-field_2\">E-mail <span class=\"wpforms-required-label\">*<\/span><\/label><input type=\"email\" id=\"wpforms-19-field_2\" class=\"wpforms-field-medium wpforms-field-required\" name=\"wpforms[fields][2]\" spellcheck=\"false\" required><\/div><div id=\"wpforms-19-field_5-container\" class=\"wpforms-field wpforms-field-number\" data-field-id=\"5\"><label class=\"wpforms-field-label\" for=\"wpforms-19-field_5\">Telefone <span class=\"wpforms-required-label\">*<\/span><\/label><input type=\"number\" id=\"wpforms-19-field_5\" class=\"wpforms-field-medium wpforms-field-required\" name=\"wpforms[fields][5]\" required><\/div><div id=\"wpforms-19-field_3-container\" class=\"wpforms-field wpforms-field-textarea\" data-field-id=\"3\"><label class=\"wpforms-field-label\" for=\"wpforms-19-field_3\">Deixe sua mensagem <span class=\"wpforms-required-label\">*<\/span><\/label><textarea id=\"wpforms-19-field_3\" class=\"wpforms-field-medium wpforms-field-required\" name=\"wpforms[fields][3]\" required><\/textarea><\/div><\/div><!-- .wpforms-field-container --><div class=\"wpforms-submit-container\" ><input type=\"hidden\" name=\"wpforms[id]\" value=\"19\"><input type=\"hidden\" name=\"page_title\" value=\"\"><input type=\"hidden\" name=\"page_url\" value=\"https:\/\/onetimetv.xyz\/index.php\/wp-json\/wp\/v2\/pages\/5\"><button type=\"submit\" name=\"wpforms[submit]\" id=\"wpforms-submit-19\" class=\"wpforms-submit\" data-alt-text=\"Enviando...\" data-submit-text=\"Enviar\" aria-live=\"assertive\" value=\"wpforms-submit\">Enviar<\/button><\/div><\/form><\/div>  <!-- .wpforms-container --><\/div><\/div> <\/div><\/div> <\/div><\/div>","protected":false},"excerpt":{"rendered":"<p>PAINEL GR\u00c1TIS Painel n\u00e3o tem custo. Pague apenas pelos creditos. Op\u00e7\u00e3o de painel hibrido a partir de 5 cr\u00e9ditos CONTE\u00daDO COMPLETO De 34 at\u00e9 90 mil conte\u00fados EQUIPE DE SUPORTE Equipe de suporte dedicada para manuten\u00e7\u00f5es e solicita\u00e7\u00e3o de conte\u00fados CDN Tecnologia de ponta que reduz at\u00e9 90% dos casos de travamento SISTEMA P2P Tecnologia&hellip; <br \/> <a class=\"read-more\" href=\"https:\/\/onetimetv.xyz\/\">Read more<\/a><\/p>\n","protected":false},"author":1,"featured_media":0,"parent":0,"menu_order":0,"comment_status":"closed","ping_status":"closed","template":"page-templates\/homepage.php","meta":{"om_disable_all_campaigns":false,"_monsterinsights_skip_tracking":false,"_monsterinsights_sitenote_active":false,"_monsterinsights_sitenote_note":"","_monsterinsights_sitenote_category":0,"footnotes":""},"class_list":["post-5","page","type-page","status-publish","hentry"],"aioseo_notices":[],"_links":{"self":[{"href":"https:\/\/onetimetv.xyz\/index.php\/wp-json\/wp\/v2\/pages\/5","targetHints":{"allow":["GET"]}}],"collection":[{"href":"https:\/\/onetimetv.xyz\/index.php\/wp-json\/wp\/v2\/pages"}],"about":[{"href":"https:\/\/onetimetv.xyz\/index.php\/wp-json\/wp\/v2\/types\/page"}],"author":[{"embeddable":true,"href":"https:\/\/onetimetv.xyz\/index.php\/wp-json\/wp\/v2\/users\/1"}],"replies":[{"embeddable":true,"href":"https:\/\/onetimetv.xyz\/index.php\/wp-json\/wp\/v2\/comments?post=5"}],"version-history":[{"count":5,"href":"https:\/\/onetimetv.xyz\/index.php\/wp-json\/wp\/v2\/pages\/5\/revisions"}],"predecessor-version":[{"id":29,"href":"https:\/\/onetimetv.xyz\/index.php\/wp-json\/wp\/v2\/pages\/5\/revisions\/29"}],"wp:attachment":[{"href":"https:\/\/onetimetv.xyz\/index.php\/wp-json\/wp\/v2\/media?parent=5"}],"curies":[{"name":"wp","href":"https:\/\/api.w.org\/{rel}","templated":true}]}}